{"id":476,"date":"2021-02-22T13:06:54","date_gmt":"2021-02-22T12:06:54","guid":{"rendered":"https:\/\/info4.institutguindavols.cat\/perepicoy\/?page_id=476"},"modified":"2021-02-22T13:43:45","modified_gmt":"2021-02-22T12:43:45","slug":"webs-dinformatica-2020-2021","status":"publish","type":"page","link":"https:\/\/perepicoy.institutguindavols.cat\/?page_id=476","title":{"rendered":"Webs d&#8217;inform\u00e0tica 2020-2021"},"content":{"rendered":"\t\t<div data-elementor-type=\"wp-page\" data-elementor-id=\"476\" class=\"elementor elementor-476\" data-elementor-settings=\"[]\">\n\t\t\t\t\t\t<div class=\"elementor-inner\">\n\t\t\t\t\t\t\t<div class=\"elementor-section-wrap\">\n\t\t\t\t\t\t\t<section class=\"elementor-section elementor-top-section elementor-element elementor-element-6e4537b7 elementor-section-boxed elementor-section-height-default elementor-section-height-default\" data-id=\"6e4537b7\" data-element_type=\"section\">\n\t\t\t\t\t\t<div class=\"elementor-container elementor-column-gap-default\">\n\t\t\t\t\t\t\t<div class=\"elementor-row\">\n\t\t\t\t\t<div class=\"elementor-column elementor-col-100 elementor-top-column elementor-element elementor-element-2f702b5c\" data-id=\"2f702b5c\" data-element_type=\"column\">\n\t\t\t<div class=\"elementor-column-wrap elementor-element-populated\">\n\t\t\t\t\t\t\t<div class=\"elementor-widget-wrap\">\n\t\t\t\t\t\t<div class=\"elementor-element elementor-element-45ad1587 elementor-widget elementor-widget-text-editor\" data-id=\"45ad1587\" data-element_type=\"widget\" data-widget_type=\"text-editor.default\">\n\t\t\t\t<div class=\"elementor-widget-container\">\n\t\t\t\t\t<div class=\"elementor-text-editor elementor-clearfix\"><!-- wp:paragraph -->\n<p>Webs editades i dissenyades en WordPress per l&#8217;alumnat de l&#8217;optativa de Tecnologies de la Informaci\u00f3 i Comunicaci\u00f3 de 4t d&#8217;ESO.<\/p>\n<!-- \/wp:paragraph -->\n\n<!-- wp:paragraph -->\n<p><\/p>\n<!-- \/wp:paragraph --><\/div>\n\t\t\t\t<\/div>\n\t\t\t\t<\/div>\n\t\t\t\t\t\t<\/div>\n\t\t\t\t\t<\/div>\n\t\t<\/div>\n\t\t\t\t\t\t\t\t<\/div>\n\t\t\t\t\t<\/div>\n\t\t<\/section>\n\t\t\t\t<section class=\"elementor-section elementor-top-section elementor-element elementor-element-72ae98f elementor-section-full_width elementor-section-height-default elementor-section-height-default\" data-id=\"72ae98f\" data-element_type=\"section\">\n\t\t\t\t\t\t<div class=\"elementor-container elementor-column-gap-default\">\n\t\t\t\t\t\t\t<div class=\"elementor-row\">\n\t\t\t\t\t<div class=\"elementor-column elementor-col-33 elementor-top-column elementor-element elementor-element-fc7d842\" data-id=\"fc7d842\" data-element_type=\"column\">\n\t\t\t<div class=\"elementor-column-wrap elementor-element-populated\">\n\t\t\t\t\t\t\t<div class=\"elementor-widget-wrap\">\n\t\t\t\t\t\t<div class=\"elementor-element elementor-element-70ffd4f elementor-position-top elementor-vertical-align-top elementor-widget elementor-widget-image-box\" data-id=\"70ffd4f\" data-element_type=\"widget\" data-widget_type=\"image-box.default\">\n\t\t\t\t<div class=\"elementor-widget-container\">\n\t\t\t<div class=\"elementor-image-box-wrapper\"><figure class=\"elementor-image-box-img\"><a href=\"https:\/\/info4.institutguindavols.cat\/skygang\"><img width=\"768\" height=\"663\" src=\"https:\/\/perepicoy.institutguindavols.cat\/wp-content\/uploads\/2021\/02\/sk-768x663.jpg\" class=\"attachment-medium_large size-medium_large\" alt=\"\" loading=\"lazy\" srcset=\"https:\/\/perepicoy.institutguindavols.cat\/wp-content\/uploads\/2021\/02\/sk-768x663.jpg 768w, https:\/\/perepicoy.institutguindavols.cat\/wp-content\/uploads\/2021\/02\/sk-300x259.jpg 300w, https:\/\/perepicoy.institutguindavols.cat\/wp-content\/uploads\/2021\/02\/sk.jpg 926w\" sizes=\"(max-width: 768px) 100vw, 768px\" \/><\/a><\/figure><div class=\"elementor-image-box-content\"><h3 class=\"elementor-image-box-title\"><a href=\"https:\/\/info4.institutguindavols.cat\/skygang\">Skygang<\/a><\/h3><p class=\"elementor-image-box-description\"><span style=\"color: rgb(0, 0, 0); font-family: Roboto, RobotoDraft, Helvetica, Arial, sans-serif; font-size: 13px; text-align: start;\">Kawtar Haouari<\/span><br><span style=\"color: rgb(0, 0, 0); font-family: Roboto, RobotoDraft, Helvetica, Arial, sans-serif; font-size: 13px; text-align: start;\">Anastasija Herasymenko<\/span><\/p><\/div><\/div>\t\t<\/div>\n\t\t\t\t<\/div>\n\t\t\t\t<div class=\"elementor-element elementor-element-99f00da elementor-position-top elementor-vertical-align-top elementor-widget elementor-widget-image-box\" data-id=\"99f00da\" data-element_type=\"widget\" data-widget_type=\"image-box.default\">\n\t\t\t\t<div class=\"elementor-widget-container\">\n\t\t\t<div class=\"elementor-image-box-wrapper\"><figure class=\"elementor-image-box-img\"><a href=\"https:\/\/info4.institutguindavols.cat\/ods4910\"><img width=\"768\" height=\"669\" src=\"https:\/\/perepicoy.institutguindavols.cat\/wp-content\/uploads\/2021\/02\/infogroup4-768x669.jpg\" class=\"attachment-medium_large size-medium_large\" alt=\"\" loading=\"lazy\" srcset=\"https:\/\/perepicoy.institutguindavols.cat\/wp-content\/uploads\/2021\/02\/infogroup4-768x669.jpg 768w, https:\/\/perepicoy.institutguindavols.cat\/wp-content\/uploads\/2021\/02\/infogroup4-300x261.jpg 300w, https:\/\/perepicoy.institutguindavols.cat\/wp-content\/uploads\/2021\/02\/infogroup4.jpg 925w\" sizes=\"(max-width: 768px) 100vw, 768px\" \/><\/a><\/figure><div class=\"elementor-image-box-content\"><h3 class=\"elementor-image-box-title\"><a href=\"https:\/\/info4.institutguindavols.cat\/ods4910\">ODS4910<\/a><\/h3><p class=\"elementor-image-box-description\"><div style=\"text-align: start;\"><span style=\"font-style: inherit; font-weight: inherit;\"><\/span><\/div><span style=\"color: rgb(0, 0, 0); font-family: Roboto, RobotoDraft, Helvetica, Arial, sans-serif; font-size: 13px; text-align: start;\">Marzio Vultaggio<\/span><br><span style=\"color: rgb(0, 0, 0); font-family: Roboto, RobotoDraft, Helvetica, Arial, sans-serif; font-size: 13px; text-align: start;\">Alba L\u00f3pez<\/span><br><span style=\"color: rgb(0, 0, 0); font-family: Roboto, RobotoDraft, Helvetica, Arial, sans-serif; font-size: 13px; text-align: start;\">Jaume Morer<\/span><br><span style=\"color: rgb(0, 0, 0); font-family: Roboto, RobotoDraft, Helvetica, Arial, sans-serif; font-size: 13px; text-align: start;\">David Medina<\/span><br><span style=\"color: rgb(0, 0, 0); font-family: Roboto, RobotoDraft, Helvetica, Arial, sans-serif; font-size: 13px; text-align: start;\">Mart\u00ed Belana<\/span><\/p><\/div><\/div>\t\t<\/div>\n\t\t\t\t<\/div>\n\t\t\t\t\t\t<\/div>\n\t\t\t\t\t<\/div>\n\t\t<\/div>\n\t\t\t\t<div class=\"elementor-column elementor-col-33 elementor-top-column elementor-element elementor-element-436c579\" data-id=\"436c579\" data-element_type=\"column\">\n\t\t\t<div class=\"elementor-column-wrap elementor-element-populated\">\n\t\t\t\t\t\t\t<div class=\"elementor-widget-wrap\">\n\t\t\t\t\t\t<div class=\"elementor-element elementor-element-0d45f22 elementor-position-top elementor-vertical-align-top elementor-widget elementor-widget-image-box\" data-id=\"0d45f22\" data-element_type=\"widget\" data-widget_type=\"image-box.default\">\n\t\t\t\t<div class=\"elementor-widget-container\">\n\t\t\t<div class=\"elementor-image-box-wrapper\"><figure class=\"elementor-image-box-img\"><a href=\"https:\/\/info4.institutguindavols.cat\/federaciocontralapobresa\"><img width=\"768\" height=\"669\" src=\"https:\/\/perepicoy.institutguindavols.cat\/wp-content\/uploads\/2021\/02\/federaciocontralapobresa-768x669.jpg\" class=\"attachment-medium_large size-medium_large\" alt=\"\" loading=\"lazy\" srcset=\"https:\/\/perepicoy.institutguindavols.cat\/wp-content\/uploads\/2021\/02\/federaciocontralapobresa-768x669.jpg 768w, https:\/\/perepicoy.institutguindavols.cat\/wp-content\/uploads\/2021\/02\/federaciocontralapobresa-300x261.jpg 300w, https:\/\/perepicoy.institutguindavols.cat\/wp-content\/uploads\/2021\/02\/federaciocontralapobresa.jpg 925w\" sizes=\"(max-width: 768px) 100vw, 768px\" \/><\/a><\/figure><div class=\"elementor-image-box-content\"><h3 class=\"elementor-image-box-title\"><a href=\"https:\/\/info4.institutguindavols.cat\/federaciocontralapobresa\">Federaci\u00f3 Contra la Pobresa<\/a><\/h3><p class=\"elementor-image-box-description\"><span style=\"color: rgb(0, 0, 0); font-family: Roboto, RobotoDraft, Helvetica, Arial, sans-serif; font-size: 13px; text-align: start;\">LeXin Ye<\/span><br><span style=\"color: rgb(0, 0, 0); font-family: Roboto, RobotoDraft, Helvetica, Arial, sans-serif; font-size: 13px; text-align: start;\">Yassin Tanane<\/span><br><span style=\"color: rgb(0, 0, 0); font-family: Roboto, RobotoDraft, Helvetica, Arial, sans-serif; font-size: 13px; text-align: start;\">Gabriel Mircea<\/span><br><span style=\"color: rgb(0, 0, 0); font-family: Roboto, RobotoDraft, Helvetica, Arial, sans-serif; font-size: 13px; text-align: start;\">Amine Benachour<\/span><br><span style=\"color: rgb(0, 0, 0); font-family: Roboto, RobotoDraft, Helvetica, Arial, sans-serif; font-size: 13px; text-align: start;\">Alex Porcel<\/span><\/p><\/div><\/div>\t\t<\/div>\n\t\t\t\t<\/div>\n\t\t\t\t<div class=\"elementor-element elementor-element-bcd3e31 elementor-position-top elementor-vertical-align-top elementor-widget elementor-widget-image-box\" data-id=\"bcd3e31\" data-element_type=\"widget\" data-widget_type=\"image-box.default\">\n\t\t\t\t<div class=\"elementor-widget-container\">\n\t\t\t<div class=\"elementor-image-box-wrapper\"><figure class=\"elementor-image-box-img\"><a href=\"https:\/\/info4.institutguindavols.cat\/minecraftnoobs\/\"><img width=\"768\" height=\"677\" src=\"https:\/\/perepicoy.institutguindavols.cat\/wp-content\/uploads\/2021\/02\/minecraftnoobs-768x677.jpg\" class=\"attachment-medium_large size-medium_large\" alt=\"\" loading=\"lazy\" srcset=\"https:\/\/perepicoy.institutguindavols.cat\/wp-content\/uploads\/2021\/02\/minecraftnoobs-768x677.jpg 768w, https:\/\/perepicoy.institutguindavols.cat\/wp-content\/uploads\/2021\/02\/minecraftnoobs-300x264.jpg 300w, https:\/\/perepicoy.institutguindavols.cat\/wp-content\/uploads\/2021\/02\/minecraftnoobs.jpg 918w\" sizes=\"(max-width: 768px) 100vw, 768px\" \/><\/a><\/figure><div class=\"elementor-image-box-content\"><h3 class=\"elementor-image-box-title\"><a href=\"https:\/\/info4.institutguindavols.cat\/minecraftnoobs\/\">MinecraftNoobs<\/a><\/h3><p class=\"elementor-image-box-description\"><span style=\"color: rgb(0, 0, 0); font-family: Roboto, RobotoDraft, Helvetica, Arial, sans-serif; font-size: 13px; text-align: start;\">Laura Cort<\/span><br><span style=\"color: rgb(0, 0, 0); font-family: Roboto, RobotoDraft, Helvetica, Arial, sans-serif; font-size: 13px; text-align: start;\">Pol Leal<\/span><br><span style=\"color: rgb(0, 0, 0); font-family: Roboto, RobotoDraft, Helvetica, Arial, sans-serif; font-size: 13px; text-align: start;\">David Maqueda<\/span><br><span style=\"color: rgb(0, 0, 0); font-family: Roboto, RobotoDraft, Helvetica, Arial, sans-serif; font-size: 13px; text-align: start;\">Lenny Tom\u00e1s Miguel <\/span><\/p><\/div><\/div>\t\t<\/div>\n\t\t\t\t<\/div>\n\t\t\t\t\t\t<\/div>\n\t\t\t\t\t<\/div>\n\t\t<\/div>\n\t\t\t\t<div class=\"elementor-column elementor-col-33 elementor-top-column elementor-element elementor-element-9634cc5\" data-id=\"9634cc5\" data-element_type=\"column\">\n\t\t\t<div class=\"elementor-column-wrap elementor-element-populated\">\n\t\t\t\t\t\t\t<div class=\"elementor-widget-wrap\">\n\t\t\t\t\t\t<div class=\"elementor-element elementor-element-9db8d8c elementor-position-top elementor-vertical-align-top elementor-widget elementor-widget-image-box\" data-id=\"9db8d8c\" data-element_type=\"widget\" data-widget_type=\"image-box.default\">\n\t\t\t\t<div class=\"elementor-widget-container\">\n\t\t\t<div class=\"elementor-image-box-wrapper\"><figure class=\"elementor-image-box-img\"><a href=\"https:\/\/info4.institutguindavols.cat\/perenne\"><img width=\"768\" height=\"666\" src=\"https:\/\/perepicoy.institutguindavols.cat\/wp-content\/uploads\/2021\/02\/perenne-768x666.jpg\" class=\"attachment-medium_large size-medium_large\" alt=\"\" loading=\"lazy\" srcset=\"https:\/\/perepicoy.institutguindavols.cat\/wp-content\/uploads\/2021\/02\/perenne-768x666.jpg 768w, https:\/\/perepicoy.institutguindavols.cat\/wp-content\/uploads\/2021\/02\/perenne-300x260.jpg 300w, https:\/\/perepicoy.institutguindavols.cat\/wp-content\/uploads\/2021\/02\/perenne.jpg 928w\" sizes=\"(max-width: 768px) 100vw, 768px\" \/><\/a><\/figure><div class=\"elementor-image-box-content\"><h3 class=\"elementor-image-box-title\"><a href=\"https:\/\/info4.institutguindavols.cat\/perenne\">Perenne<\/a><\/h3><p class=\"elementor-image-box-description\">Paula G\u00f3mez<br>Paula Garcia<br>Abril Capdevila<\/p><\/div><\/div>\t\t<\/div>\n\t\t\t\t<\/div>\n\t\t\t\t<div class=\"elementor-element elementor-element-b321063 elementor-position-top elementor-vertical-align-top elementor-widget elementor-widget-image-box\" data-id=\"b321063\" data-element_type=\"widget\" data-widget_type=\"image-box.default\">\n\t\t\t\t<div class=\"elementor-widget-container\">\n\t\t\t<div class=\"elementor-image-box-wrapper\"><figure class=\"elementor-image-box-img\"><a href=\"https:\/\/info4.institutguindavols.cat\/famzero\"><img width=\"768\" height=\"671\" src=\"https:\/\/perepicoy.institutguindavols.cat\/wp-content\/uploads\/2021\/02\/famzero-768x671.jpg\" class=\"attachment-medium_large size-medium_large\" alt=\"\" loading=\"lazy\" srcset=\"https:\/\/perepicoy.institutguindavols.cat\/wp-content\/uploads\/2021\/02\/famzero-768x671.jpg 768w, https:\/\/perepicoy.institutguindavols.cat\/wp-content\/uploads\/2021\/02\/famzero-300x262.jpg 300w, https:\/\/perepicoy.institutguindavols.cat\/wp-content\/uploads\/2021\/02\/famzero.jpg 922w\" sizes=\"(max-width: 768px) 100vw, 768px\" \/><\/a><\/figure><div class=\"elementor-image-box-content\"><h3 class=\"elementor-image-box-title\"><a href=\"https:\/\/info4.institutguindavols.cat\/famzero\">FamZero<\/a><\/h3><p class=\"elementor-image-box-description\"><span style=\"color: rgb(0, 0, 0); font-family: Roboto, RobotoDraft, Helvetica, Arial, sans-serif; font-size: 13px; text-align: start;\">Maksymilian Jan Mazur<\/span><\/p><\/div><\/div>\t\t<\/div>\n\t\t\t\t<\/div>\n\t\t\t\t\t\t<\/div>\n\t\t\t\t\t<\/div>\n\t\t<\/div>\n\t\t\t\t\t\t\t\t<\/div>\n\t\t\t\t\t<\/div>\n\t\t<\/section>\n\t\t\t\t\t\t<\/div>\n\t\t\t\t\t\t<\/div>\n\t\t\t\t\t<\/div>\n\t\t","protected":false},"excerpt":{"rendered":"<p>Webs editades i dissenyades en WordPress per l&#8217;alumnat de l&#8217;optativa de Tecnologies de la Informaci\u00f3 i Comunicaci\u00f3 de 4t d&#8217;ESO. Skygang Kawtar HaouariAnastasija Herasymenko ODS4910 Marzio VultaggioAlba L\u00f3pezJaume MorerDavid MedinaMart\u00ed Belana Federaci\u00f3 Contra la Pobresa LeXin YeYassin TananeGabriel MirceaAmine BenachourAlex Porcel MinecraftNoobs Laura CortPol LealDavid MaquedaLenny Tom\u00e1s Miguel Perenne Paula G\u00f3mezPaula GarciaAbril Capdevila FamZero Maksymilian &hellip;<\/p>\n<p class=\"read-more\"> <a class=\"\" href=\"https:\/\/perepicoy.institutguindavols.cat\/?page_id=476\"> <span class=\"screen-reader-text\">Webs d&#8217;inform\u00e0tica 2020-2021<\/span> Llegeix m\u00e9s &raquo;<\/a><\/p>\n","protected":false},"author":1,"featured_media":0,"parent":0,"menu_order":0,"comment_status":"closed","ping_status":"closed","template":"","meta":[],"_links":{"self":[{"href":"https:\/\/perepicoy.institutguindavols.cat\/index.php?rest_route=\/wp\/v2\/pages\/476"}],"collection":[{"href":"https:\/\/perepicoy.institutguindavols.cat\/index.php?rest_route=\/wp\/v2\/pages"}],"about":[{"href":"https:\/\/perepicoy.institutguindavols.cat\/index.php?rest_route=\/wp\/v2\/types\/page"}],"author":[{"embeddable":true,"href":"https:\/\/perepicoy.institutguindavols.cat\/index.php?rest_route=\/wp\/v2\/users\/1"}],"replies":[{"embeddable":true,"href":"https:\/\/perepicoy.institutguindavols.cat\/index.php?rest_route=%2Fwp%2Fv2%2Fcomments&post=476"}],"version-history":[{"count":13,"href":"https:\/\/perepicoy.institutguindavols.cat\/index.php?rest_route=\/wp\/v2\/pages\/476\/revisions"}],"predecessor-version":[{"id":497,"href":"https:\/\/perepicoy.institutguindavols.cat\/index.php?rest_route=\/wp\/v2\/pages\/476\/revisions\/497"}],"wp:attachment":[{"href":"https:\/\/perepicoy.institutguindavols.cat\/index.php?rest_route=%2Fwp%2Fv2%2Fmedia&parent=476"}],"curies":[{"name":"wp","href":"https:\/\/api.w.org\/{rel}","templated":true}]}}